{"id":908,"date":"2025-01-06T05:22:52","date_gmt":"2025-01-06T05:22:52","guid":{"rendered":"https:\/\/domainedescepages.com\/?page_id=908"},"modified":"2025-04-27T12:13:41","modified_gmt":"2025-04-27T16:13:41","slug":"portes-ouvertes","status":"publish","type":"page","link":"https:\/\/domainedescepages.com\/en\/portes-ouvertes\/","title":{"rendered":"Open doors"},"content":{"rendered":"<div data-elementor-type=\"wp-page\" data-elementor-id=\"908\" class=\"elementor elementor-908\" data-elementor-post-type=\"page\">\n\t\t\t\t\t\t<section class=\"elementor-section elementor-top-section elementor-element elementor-element-5bbd29e elementor-section-stretched animated-slow elementor-section-full_width elementor-section-content-middle pbmit-col-stretched-none pbmit-bg-color-over-image elementor-section-height-default elementor-section-height-default elementor-invisible\" data-id=\"5bbd29e\" data-element_type=\"section\" data-e-type=\"section\" data-settings=\"{&quot;stretch_section&quot;:&quot;section-stretched&quot;,&quot;animation&quot;:&quot;fadeIn&quot;,&quot;background_background&quot;:&quot;classic&quot;}\">\n\t\t\t\t\t\t<div class=\"elementor-container elementor-column-gap-no\">\n\t\t\t\t\t<div class=\"elementor-column elementor-col-100 elementor-top-column elementor-element elementor-element-5e3cb92 pbmit-bg-color-yes pbmit-elementor-bg-color-globalcolor pbmit-text-color-white pbmit-bg-image-over-color\" data-id=\"5e3cb92\" data-element_type=\"column\" data-e-type=\"column\" data-settings=\"{&quot;background_background&quot;:&quot;classic&quot;}\">\n\t\t\t<div class=\"elementor-widget-wrap elementor-element-populated\">\n\t\t\t\t\t<div class=\"elementor-background-overlay\"><\/div>\n\t\t\t\t\t\t<section class=\"elementor-section elementor-inner-section elementor-element elementor-element-6e4542e elementor-section-content-middle pbmit-col-stretched-none pbmit-bg-color-over-image elementor-section-boxed elementor-section-height-default elementor-section-height-default\" data-id=\"6e4542e\" data-element_type=\"section\" data-e-type=\"section\">\n\t\t\t\t\t\t<div class=\"elementor-container elementor-column-gap-no\">\n\t\t\t\t\t<div class=\"elementor-column elementor-col-66 elementor-inner-column elementor-element elementor-element-9adbed6 pbmit-bg-color-over-image\" data-id=\"9adbed6\" data-element_type=\"column\" data-e-type=\"column\">\n\t\t\t<div class=\"elementor-widget-wrap elementor-element-populated\">\n\t\t\t\t\t\t<div class=\"elementor-element elementor-element-ee439c3 elementor-widget elementor-widget-pbmit_heading\" data-id=\"ee439c3\" data-element_type=\"widget\" data-e-type=\"widget\" data-widget_type=\"pbmit_heading.default\">\n\t\t\t\t<div class=\"elementor-widget-container\">\n\t\t\t\t\t <div class=\"pbmit-heading-subheading pbmit-reverse-heading-yes animation-style4\"><h4 class=\"pbmit-element-subtitle\"><span>\r\n\t\t\t\t<\/span>\r\n\t\t\t\t\r\n\t\t\t\t\tOpen doors\r\n\t\t\t\t\r\n\t\t\t\t<\/h4>\r\n\t\t\t<h2 class=\"pbmit-element-title\">\r\n\t\t\t\t\r\n\t\t\t\t\tCome and visit the Domaine des C\u00e9pages in person\n\r\n\t\t\t\t\r\n\t\t\t\t<\/h2>\r\n\t\t\t<\/div>\t\t\t\t<\/div>\n\t\t\t\t<\/div>\n\t\t\t\t\t<\/div>\n\t\t<\/div>\n\t\t\t\t<div class=\"elementor-column elementor-col-33 elementor-inner-column elementor-element elementor-element-b327158 pbmit-bg-color-over-image\" data-id=\"b327158\" data-element_type=\"column\" data-e-type=\"column\">\n\t\t\t<div class=\"elementor-widget-wrap\">\n\t\t\t\t\t\t\t<\/div>\n\t\t<\/div>\n\t\t\t\t\t<\/div>\n\t\t<\/section>\n\t\t\t\t\t<\/div>\n\t\t<\/div>\n\t\t\t\t\t<\/div>\n\t\t<\/section>\n\t\t\t\t<section class=\"elementor-section elementor-top-section elementor-element elementor-element-5e89c45 pbmit-col-stretched-none pbmit-bg-color-over-image elementor-section-boxed elementor-section-height-default elementor-section-height-default\" data-id=\"5e89c45\" data-element_type=\"section\" data-e-type=\"section\">\n\t\t\t\t\t\t<div class=\"elementor-container elementor-column-gap-default\">\n\t\t\t\t\t<div class=\"elementor-column elementor-col-50 elementor-top-column elementor-element elementor-element-154dc4a pbmit-bg-color-over-image\" data-id=\"154dc4a\" data-element_type=\"column\" data-e-type=\"column\">\n\t\t\t<div class=\"elementor-widget-wrap elementor-element-populated\">\n\t\t\t\t\t\t<div class=\"elementor-element elementor-element-14110ff elementor-widget elementor-widget-eventbrite-widget\" data-id=\"14110ff\" data-element_type=\"widget\" data-e-type=\"widget\" data-widget_type=\"eventbrite-widget.default\">\n\t\t\t\t<div class=\"elementor-widget-container\">\n\t\t\t\t\t        <div class=\"wfea-preview wfea-elementor-widget\">\n\t\t\t    <section class=\"wfea wfea-blocks  xinterio wfea-card card\">\n\t\t<div>\n\t<p class='not-found'>No Events Found<\/p>\n<\/div>\n\n    <\/section>\n        <\/div>\n\t\t\t\t\t\t<\/div>\n\t\t\t\t<\/div>\n\t\t\t\t\t<\/div>\n\t\t<\/div>\n\t\t\t\t<div class=\"elementor-column elementor-col-50 elementor-top-column elementor-element elementor-element-30a1095 pbmit-bg-color-over-image\" data-id=\"30a1095\" data-element_type=\"column\" data-e-type=\"column\">\n\t\t\t<div class=\"elementor-widget-wrap elementor-element-populated\">\n\t\t\t\t\t\t<div class=\"elementor-element elementor-element-69bbfa6 elementor-widget elementor-widget-heading\" data-id=\"69bbfa6\" data-element_type=\"widget\" data-e-type=\"widget\" data-widget_type=\"heading.default\">\n\t\t\t\t<div class=\"elementor-widget-container\">\n\t\t\t\t\t<h2 class=\"elementor-heading-title elementor-size-default\">\ud83d\uddd3\ufe0f Programme de la journ\u00e9e<\/h2>\t\t\t\t<\/div>\n\t\t\t\t<\/div>\n\t\t\t\t<div class=\"elementor-element elementor-element-96d2fc8 elementor-widget elementor-widget-text-editor\" data-id=\"96d2fc8\" data-element_type=\"widget\" data-e-type=\"widget\" data-widget_type=\"text-editor.default\">\n\t\t\t\t<div class=\"elementor-widget-container\">\n\t\t\t\t\t\t\t\t\t<p><strong>9h00<\/strong> | \u2615\ufe0f <strong>Accueil et \u00e9changes libres<\/strong><\/p><p><strong>11h00<\/strong> | \ud83c\udfa4 <strong>Mot de bienvenue et d\u00e9but de la rencontre<\/strong><\/p><p><strong>11h15 \u00e0 12h30<\/strong> | \ud83c\udfe1 <strong>Pr\u00e9sentation du projet :<\/strong><em>Rencontrez le promoteur, l\u2019entrepreneur g\u00e9n\u00e9ral et d\u00e9couvrez nos 5 mod\u00e8les de chalets, ainsi que les revenus potentiels et projections financi\u00e8res pour ceux qui d\u00e9sirent faire de la location court terme.<\/em><\/p><p><strong>12h30 \u00e0 13h30<\/strong> | \ud83d\udeb6\u200d\u2642\ufe0f <strong>Marche d\u00e9couverte des terrains disponibles<\/strong><\/p><p><strong>13h30 \u00e0 14h30<\/strong> | \ud83d\udd8a\ufe0f <strong>P\u00e9riode de r\u00e9servation des terrains<\/strong><\/p><p><strong>14h00 \u00e0 14h30<\/strong> | \ud83d\udcb0 <strong>Pr\u00e9sentation du financement avec notre partenaire Desjardins<\/strong><\/p><p>\ud83d\udcb0 <strong>Bonus exclusif : 15 000 $ remis \u00e0 l\u2019achat d\u2019un terrain avec construction, uniquement lors de cette journ\u00e9e !<\/strong><\/p><p>\ud83c\udf54\u00a0<strong>Un BBQ sera offert sur place, ainsi que des collations et boissons non alcoolis\u00e9es.\u00a0<\/strong>L\u2019\u00e9v\u00e9nement aura lieu \u00e0 l\u2019ext\u00e9rieur, avec des tentes am\u00e9nag\u00e9es et des places assises confortables.<\/p><p>\u2614\ufe0f En cas de m\u00e9t\u00e9o d\u00e9favorable, nous serons dans l\u2019obligation de reporter l\u2019\u00e9v\u00e9nement. Une communication vous sera envoy\u00e9e dans les jours pr\u00e9c\u00e9dant la date afin de confirmer la tenue de l\u2019\u00e9v\u00e9nement.<\/p><p style=\"margin-bottom: 0px; padding: 10px 0px 0px; line-height: 1.5rem; color: #6f7287;\">\u00a0<\/p>\t\t\t\t\t\t\t\t<\/div>\n\t\t\t\t<\/div>\n\t\t\t\t<div class=\"elementor-element elementor-element-e3f683c pbmit-btn-color-globalcolor pbmit-btn-hover-color-blackish pbmit-btn-style-flat pbmit-btn-magnatic-no pbmit-btn-shape-square elementor-widget elementor-widget-button\" data-id=\"e3f683c\" data-element_type=\"widget\" data-e-type=\"widget\" data-widget_type=\"button.default\">\n\t\t\t\t<div class=\"elementor-widget-container\">\n\t\t\t\t\t\t\t\t\t<div class=\"elementor-button-wrapper\">\n\t\t\t\t\t<a class=\"elementor-button elementor-button-link elementor-size-sm\" href=\"https:\/\/www.eventbrite.ca\/e\/portes-ouvertes-au-domaine-des-cepages-tickets-1334115558549\" target=\"_blank\">\n\t\t\t\t\t\t<span class=\"elementor-button-content-wrapper\">\n\t\t\t\t\t\t\t\t\t<span class=\"elementor-button-text\">S'inscrire<\/span>\n\t\t\t\t\t<\/span>\n\t\t\t\t\t<\/a>\n\t\t\t\t<\/div>\n\t\t\t\t\t\t\t\t<\/div>\n\t\t\t\t<\/div>\n\t\t\t\t\t<\/div>\n\t\t<\/div>\n\t\t\t\t\t<\/div>\n\t\t<\/section>\n\t\t\t\t<section class=\"elementor-section elementor-top-section elementor-element elementor-element-c3b9b11 pbmit-col-stretched-none pbmit-bg-color-over-image elementor-section-boxed elementor-section-height-default elementor-section-height-default\" data-id=\"c3b9b11\" data-element_type=\"section\" data-e-type=\"section\">\n\t\t\t\t\t\t<div class=\"elementor-container elementor-column-gap-default\">\n\t\t\t\t\t<div class=\"elementor-column elementor-col-50 elementor-top-column elementor-element elementor-element-f27d588 pbmit-bg-color-over-image\" data-id=\"f27d588\" data-element_type=\"column\" data-e-type=\"column\">\n\t\t\t<div class=\"elementor-widget-wrap elementor-element-populated\">\n\t\t\t\t\t\t<div class=\"elementor-element elementor-element-9757394 elementor-widget elementor-widget-text-editor\" data-id=\"9757394\" data-element_type=\"widget\" data-e-type=\"widget\" data-widget_type=\"text-editor.default\">\n\t\t\t\t<div class=\"elementor-widget-container\">\n\t\t\t\t\t\t\t\t\t<h2>Invest in a region where it is good to live!<\/h2><p class=\"p1 translation-block\">Nestled in the heart of the <span class=\"s1\">Lanaudi\u00e8re<\/span>, only <span class=\"s1\">one hour from Montreal<\/span>, the municipality of <span class=\"s1\">Chertsey<\/span> offers a peaceful living environment where nature and culture meet. With its <span class=\"s1\">pristine lakes, mountains and vast forests<\/span>, Chertsey is a popular destination for both the <span class=\"s1\">resort<\/span> and a lifestyle focused on wellness and authenticity.<\/p><p class=\"p1\">Son <span class=\"s1\">riche patrimoine culturel<\/span> en fait un lieu inspirant, o\u00f9 artistes et cr\u00e9ateurs trouvent un espace d\u2019expression unique. Avec une forte communaut\u00e9 impliqu\u00e9e dans la pr\u00e9servation de son identit\u00e9 et un engagement pour le d\u00e9veloppement durable, Chertsey est bien plus qu\u2019un simple village : c\u2019est un lieu o\u00f9 il fait bon vivre, investir et s\u2019\u00e9panouir.<\/p>\t\t\t\t\t\t\t\t<\/div>\n\t\t\t\t<\/div>\n\t\t\t\t<div class=\"elementor-element elementor-element-1a2747d elementor-align-left pbmit-btn-color-globalcolor pbmit-btn-hover-color-blackish pbmit-btn-style-flat pbmit-btn-magnatic-no pbmit-btn-shape-square elementor-widget elementor-widget-button\" data-id=\"1a2747d\" data-element_type=\"widget\" data-e-type=\"widget\" data-widget_type=\"button.default\">\n\t\t\t\t<div class=\"elementor-widget-container\">\n\t\t\t\t\t\t\t\t\t<div class=\"elementor-button-wrapper\">\n\t\t\t\t\t<a class=\"elementor-button elementor-button-link elementor-size-sm elementor-animation-grow\" href=\"https:\/\/domainedescepages.com\/en\/region\/\">\n\t\t\t\t\t\t<span class=\"elementor-button-content-wrapper\">\n\t\t\t\t\t\t<span class=\"elementor-button-icon\">\n\t\t\t\t<svg aria-hidden=\"true\" class=\"e-font-icon-svg e-fas-arrow-circle-right\" viewbox=\"0 0 512 512\" xmlns=\"http:\/\/www.w3.org\/2000\/svg\"><path d=\"M256 8c137 0 248 111 248 248S393 504 256 504 8 393 8 256 119 8 256 8zm-28.9 143.6l75.5 72.4H120c-13.3 0-24 10.7-24 24v16c0 13.3 10.7 24 24 24h182.6l-75.5 72.4c-9.7 9.3-9.9 24.8-.4 34.3l11 10.9c9.4 9.4 24.6 9.4 33.9 0L404.3 273c9.4-9.4 9.4-24.6 0-33.9L271.6 106.3c-9.4-9.4-24.6-9.4-33.9 0l-11 10.9c-9.5 9.6-9.3 25.1.4 34.4z\"><\/path><\/svg>\t\t\t<\/span>\n\t\t\t\t\t\t\t\t\t<span class=\"elementor-button-text\">Discover Chertsey!<\/span>\n\t\t\t\t\t<\/span>\n\t\t\t\t\t<\/a>\n\t\t\t\t<\/div>\n\t\t\t\t\t\t\t\t<\/div>\n\t\t\t\t<\/div>\n\t\t\t\t\t<\/div>\n\t\t<\/div>\n\t\t\t\t<div class=\"elementor-column elementor-col-50 elementor-top-column elementor-element elementor-element-cf36e75 pbmit-bg-color-over-image\" data-id=\"cf36e75\" data-element_type=\"column\" data-e-type=\"column\">\n\t\t\t<div class=\"elementor-widget-wrap elementor-element-populated\">\n\t\t\t\t\t\t<div class=\"elementor-element elementor-element-77b2945 elementor-widget elementor-widget-video\" data-id=\"77b2945\" data-element_type=\"widget\" data-e-type=\"widget\" data-settings=\"{&quot;youtube_url&quot;:&quot;https:\\\/\\\/youtu.be\\\/E8Rdng9-E7Y&quot;,&quot;video_type&quot;:&quot;youtube&quot;,&quot;controls&quot;:&quot;yes&quot;}\" data-widget_type=\"video.default\">\n\t\t\t\t<div class=\"elementor-widget-container\">\n\t\t\t\t\t\t\t<div class=\"elementor-wrapper elementor-open-inline\">\n\t\t\t<div class=\"elementor-video\"><\/div>\t\t<\/div>\n\t\t\t\t\t\t<\/div>\n\t\t\t\t<\/div>\n\t\t\t\t\t<\/div>\n\t\t<\/div>\n\t\t\t\t\t<\/div>\n\t\t<\/section>\n\t\t\t\t<\/div>","protected":false},"excerpt":{"rendered":"<p>Portes ouvertes Venez visiter le Domaine des C\u00e9pages en personne \ud83d\uddd3\ufe0f Programme de la journ\u00e9e 9h00 | \u2615\ufe0f Accueil et \u00e9changes libres11h00 | \ud83c\udfa4 Mot de bienvenue et d\u00e9but de la rencontre11h15 \u00e0 12h30 | \ud83c\udfe1 Pr\u00e9sentation du projet :Rencontrez le promoteur, l\u2019entrepreneur g\u00e9n\u00e9ral et d\u00e9couvrez nos 5 mod\u00e8les de chalets, ainsi que les revenus [&hellip;]<\/p>","protected":false},"author":1,"featured_media":0,"parent":0,"menu_order":0,"comment_status":"closed","ping_status":"closed","template":"","meta":{"_acf_changed":false,"footnotes":""},"class_list":["post-908","page","type-page","status-publish","hentry"],"acf":[],"_links":{"self":[{"href":"https:\/\/domainedescepages.com\/en\/wp-json\/wp\/v2\/pages\/908","targetHints":{"allow":["GET"]}}],"collection":[{"href":"https:\/\/domainedescepages.com\/en\/wp-json\/wp\/v2\/pages"}],"about":[{"href":"https:\/\/domainedescepages.com\/en\/wp-json\/wp\/v2\/types\/page"}],"author":[{"embeddable":true,"href":"https:\/\/domainedescepages.com\/en\/wp-json\/wp\/v2\/users\/1"}],"replies":[{"embeddable":true,"href":"https:\/\/domainedescepages.com\/en\/wp-json\/wp\/v2\/comments?post=908"}],"version-history":[{"count":89,"href":"https:\/\/domainedescepages.com\/en\/wp-json\/wp\/v2\/pages\/908\/revisions"}],"predecessor-version":[{"id":2660,"href":"https:\/\/domainedescepages.com\/en\/wp-json\/wp\/v2\/pages\/908\/revisions\/2660"}],"wp:attachment":[{"href":"https:\/\/domainedescepages.com\/en\/wp-json\/wp\/v2\/media?parent=908"}],"curies":[{"name":"wp","href":"https:\/\/api.w.org\/{rel}","templated":true}]}}