{"id":84,"date":"2024-05-18T04:08:03","date_gmt":"2024-05-18T04:08:03","guid":{"rendered":"http:\/\/xinterio-demo.pbminfotech.com\/demo1\/?page_id=4984"},"modified":"2025-03-15T03:40:05","modified_gmt":"2025-03-15T07:40:05","slug":"contact","status":"publish","type":"page","link":"https:\/\/domainedescepages.com\/en\/contact\/","title":{"rendered":"Contact"},"content":{"rendered":"<div data-elementor-type=\"wp-page\" data-elementor-id=\"84\" class=\"elementor elementor-84\" data-elementor-post-type=\"page\">\n\t\t\t\t\t\t<section class=\"elementor-section elementor-top-section elementor-element elementor-element-5e82168 elementor-section-stretched animated-slow elementor-section-full_width elementor-section-content-middle pbmit-col-stretched-none pbmit-bg-color-over-image elementor-section-height-default elementor-section-height-default elementor-invisible\" data-id=\"5e82168\" data-element_type=\"section\" data-settings=\"{&quot;stretch_section&quot;:&quot;section-stretched&quot;,&quot;animation&quot;:&quot;fadeIn&quot;}\">\n\t\t\t\t\t\t<div class=\"elementor-container elementor-column-gap-no\">\n\t\t\t\t\t<div class=\"elementor-column elementor-col-100 elementor-top-column elementor-element elementor-element-2e73e31 pbmit-bg-color-yes pbmit-elementor-bg-color-globalcolor pbmit-text-color-white pbmit-bg-image-over-color\" data-id=\"2e73e31\" data-element_type=\"column\" data-settings=\"{&quot;background_background&quot;:&quot;classic&quot;}\">\n\t\t\t<div class=\"elementor-widget-wrap elementor-element-populated\">\n\t\t\t\t\t<div class=\"elementor-background-overlay\"><\/div>\n\t\t\t\t\t\t<section class=\"elementor-section elementor-inner-section elementor-element elementor-element-d6c1136 elementor-section-content-middle pbmit-col-stretched-none pbmit-bg-color-over-image elementor-section-boxed elementor-section-height-default elementor-section-height-default\" data-id=\"d6c1136\" data-element_type=\"section\">\n\t\t\t\t\t\t<div class=\"elementor-container elementor-column-gap-no\">\n\t\t\t\t\t<div class=\"elementor-column elementor-col-66 elementor-inner-column elementor-element elementor-element-413e3fb pbmit-bg-color-over-image\" data-id=\"413e3fb\" data-element_type=\"column\">\n\t\t\t<div class=\"elementor-widget-wrap elementor-element-populated\">\n\t\t\t\t\t\t<div class=\"elementor-element elementor-element-b19b8c4 elementor-widget elementor-widget-pbmit_heading\" data-id=\"b19b8c4\" data-element_type=\"widget\" data-widget_type=\"pbmit_heading.default\">\n\t\t\t\t<div class=\"elementor-widget-container\">\n\t\t\t\t\t <div class=\"pbmit-heading-subheading pbmit-reverse-heading-yes animation-style4\"><h4 class=\"pbmit-element-subtitle\"><span>\r\n\t\t\t\t<\/span>\r\n\t\t\t\t\r\n\t\t\t\t\tContact\r\n\t\t\t\t\r\n\t\t\t\t<\/h4>\r\n\t\t\t<h2 class=\"pbmit-element-title\">\r\n\t\t\t\t\r\n\t\t\t\t\tContact us today to start your journey to an exceptional environment\r\n\t\t\t\t\r\n\t\t\t\t<\/h2>\r\n\t\t\t<\/div>\t\t\t\t<\/div>\n\t\t\t\t<\/div>\n\t\t\t\t\t<\/div>\n\t\t<\/div>\n\t\t\t\t<div class=\"elementor-column elementor-col-33 elementor-inner-column elementor-element elementor-element-07d12be pbmit-bg-color-over-image\" data-id=\"07d12be\" data-element_type=\"column\">\n\t\t\t<div class=\"elementor-widget-wrap\">\n\t\t\t\t\t\t\t<\/div>\n\t\t<\/div>\n\t\t\t\t\t<\/div>\n\t\t<\/section>\n\t\t\t\t\t<\/div>\n\t\t<\/div>\n\t\t\t\t\t<\/div>\n\t\t<\/section>\n\t\t\t\t<section class=\"elementor-section elementor-top-section elementor-element elementor-element-88ab63e pbmit-sticky-section pbmit-col-stretched-none pbmit-bg-color-over-image elementor-section-boxed elementor-section-height-default elementor-section-height-default\" data-id=\"88ab63e\" data-element_type=\"section\" data-settings=\"{&quot;background_background&quot;:&quot;classic&quot;}\">\n\t\t\t\t\t\t<div class=\"elementor-container elementor-column-gap-no\">\n\t\t\t\t\t<div class=\"elementor-column elementor-col-50 elementor-top-column elementor-element elementor-element-1a32f66 pbmit-sticky-col pbmit-bg-color-over-image\" data-id=\"1a32f66\" data-element_type=\"column\">\n\t\t\t<div class=\"elementor-widget-wrap elementor-element-populated\">\n\t\t\t\t\t\t<div class=\"elementor-element elementor-element-2ed6edf elementor-widget__width-initial elementor-widget elementor-widget-pbmit_heading\" data-id=\"2ed6edf\" data-element_type=\"widget\" data-widget_type=\"pbmit_heading.default\">\n\t\t\t\t<div class=\"elementor-widget-container\">\n\t\t\t\t\t <div class=\"pbmit-heading-subheading pbmit-reverse-heading-yes animation-style2\"><h4 class=\"pbmit-element-subtitle\"><span>\r\n\t\t\t\t<\/span>\r\n\t\t\t\t\r\n\t\t\t\t\tContact Now\r\n\t\t\t\t\r\n\t\t\t\t<\/h4>\r\n\t\t\t<h2 class=\"pbmit-element-title\">\r\n\t\t\t\t\r\n\t\t\t\t\tWe will be happy to answer all your questions.\r\n\t\t\t\t\r\n\t\t\t\t<\/h2>\r\n\t\t\t<\/div>\t\t\t\t<\/div>\n\t\t\t\t<\/div>\n\t\t\t\t\t<\/div>\n\t\t<\/div>\n\t\t\t\t<div class=\"elementor-column elementor-col-50 elementor-top-column elementor-element elementor-element-49414a7 pbmit-bg-color-yes pbmit-elementor-bg-color-light pbmit-bg-color-over-image\" data-id=\"49414a7\" data-element_type=\"column\">\n\t\t\t<div class=\"elementor-widget-wrap elementor-element-populated\">\n\t\t\t\t\t\t<div class=\"elementor-element elementor-element-2887756 elementor-widget elementor-widget-pbmit_custom_heading\" data-id=\"2887756\" data-element_type=\"widget\" data-widget_type=\"pbmit_custom_heading.default\">\n\t\t\t\t<div class=\"elementor-widget-container\">\n\t\t\t\t\t\t<div class=\"pbmit-custom-heading -align animation-style2\"><h2 class=\"pbmit-element-title\">\r\n\t\t\t\r\n\t\t\t\tSend a request \r\n\t\t\t\r\n\t\t\t<\/h2>\r\n\t\t<\/div>\t\t\t\t<\/div>\n\t\t\t\t<\/div>\n\t\t\t\t<div class=\"elementor-element elementor-element-a8ede3c elementor-widget elementor-widget-wpforms\" data-id=\"a8ede3c\" data-element_type=\"widget\" data-widget_type=\"wpforms.default\">\n\t\t\t\t<div class=\"elementor-widget-container\">\n\t\t\t\t\t<style id=\"wpforms-css-vars-elementor-widget-a8ede3c\">\n\t\t\t\t.elementor-widget-wpforms.elementor-element-a8ede3c {\n\t\t\t\t--wpforms-field-border-radius: 24px;\n--wpforms-field-border-color: #0201015E;\n--wpforms-field-border-color-spare: #0201015E;\n--wpforms-button-background-color: #30251B;\n\n\t\t\t}\n\t\t\t<\/style><div class=\"wpforms-container wpforms-container-full wpforms-render-modern\" id=\"wpforms-846\"><form id=\"wpforms-form-846\" class=\"wpforms-validate wpforms-form wpforms-ajax-form\" data-formid=\"846\" method=\"post\" enctype=\"multipart\/form-data\" action=\"\/en\/wp-json\/wp\/v2\/pages\/84\" data-token=\"6e65b9b5df87b6fe20907982e7c6b2ab\" data-token-time=\"1775772723\" data-trp-original-action=\"\/en\/wp-json\/wp\/v2\/pages\/84\"><noscript class=\"wpforms-error-noscript\">Please enable JavaScript in your browser to complete this form.<\/noscript><div id=\"wpforms-error-noscript\" style=\"display: none;\">Please enable JavaScript in your browser to complete this form.<\/div><div class=\"wpforms-field-container\">\t\t<div id=\"wpforms-846-field_4-container\"\n\t\t\tclass=\"wpforms-field wpforms-field-text\"\n\t\t\tdata-field-type=\"text\"\n\t\t\tdata-field-id=\"4\"\n\t\t\t>\n\t\t\t<label class=\"wpforms-field-label\" for=\"wpforms-846-field_4\" >parl\u00e9 de avez<\/label>\n\t\t\t<input type=\"text\" id=\"wpforms-846-field_4\" class=\"wpforms-field-medium\" name=\"wpforms[fields][4]\" >\n\t\t<\/div>\n\t\t<div id=\"wpforms-846-field_1-container\" class=\"wpforms-field wpforms-field-name\" data-field-id=\"1\"><label class=\"wpforms-field-label\" for=\"wpforms-846-field_1\">Name <span class=\"wpforms-required-label\" aria-hidden=\"true\">*<\/span><\/label><input type=\"text\" id=\"wpforms-846-field_1\" class=\"wpforms-field-large wpforms-field-required\" name=\"wpforms[fields][1]\" aria-errormessage=\"wpforms-846-field_1-error\" required><\/div><div id=\"wpforms-846-field_2-container\" class=\"wpforms-field wpforms-field-email\" data-field-id=\"2\"><label class=\"wpforms-field-label\" for=\"wpforms-846-field_2\">E-mail <span class=\"wpforms-required-label\" aria-hidden=\"true\">*<\/span><\/label><input type=\"email\" id=\"wpforms-846-field_2\" class=\"wpforms-field-large wpforms-field-required\" name=\"wpforms[fields][2]\" spellcheck=\"false\" aria-errormessage=\"wpforms-846-field_2-error\" required><\/div><div id=\"wpforms-846-field_3-container\" class=\"wpforms-field wpforms-field-text\" data-field-id=\"3\"><label class=\"wpforms-field-label\" for=\"wpforms-846-field_3\">Phone Number<\/label><input type=\"text\" id=\"wpforms-846-field_3\" class=\"wpforms-field-large\" name=\"wpforms[fields][3]\" aria-errormessage=\"wpforms-846-field_3-error\" ><\/div><div id=\"wpforms-846-field_9-container\" class=\"wpforms-field wpforms-field-select wpforms-field-select-style-classic\" data-field-id=\"9\"><label class=\"wpforms-field-label\" for=\"wpforms-846-field_9\">Where did you hear about us? <span class=\"wpforms-required-label\" aria-hidden=\"true\">*<\/span><\/label><select id=\"wpforms-846-field_9\" class=\"wpforms-field-large wpforms-field-required\" name=\"wpforms[fields][9]\" required=\"required\"><option value=\"Google\" >Google<\/option><option value=\"Facebook\" >Facebook<\/option><option value=\"Instagram\" >Instagram<\/option><option value=\"LinkedIn\" >LinkedIn<\/option><option value=\"R\u00e9f\u00e9rence\" >Reference<\/option><option value=\"Autre\" >Other<\/option><\/select><\/div><div id=\"wpforms-846-field_7-container\" class=\"wpforms-field wpforms-field-select spanselect2-selectionselect2-selection--single BACKGROUND transparent wpforms-conditional-trigger wpforms-field-select-style-classic\" data-field-id=\"7\"><label class=\"wpforms-field-label\" for=\"wpforms-846-field_7\">Interest<\/label><select id=\"wpforms-846-field_7\" class=\"wpforms-field-large\" name=\"wpforms[fields][7]\"><option value=\"Je suis int\u00e9ress\u00e9(e) \u00e0 acheter uniquement un terrain\" >I am interested in buying only land<\/option><option value=\"Je suis int\u00e9ress\u00e9(e) \u00e0 acheter un terrain et un chalet mod\u00e8le\"  selected='selected'>I am interested in buying a land and a model chalet<\/option><option value=\"Je suis int\u00e9ress\u00e9(e) \u00e0 acheter un terrain et \u00e0 construire selon un plan personnalis\u00e9\" >I am interested in buying land and building according to a personalized plan<\/option><\/select><\/div><div id=\"wpforms-846-field_10-container\" class=\"wpforms-field wpforms-field-select wpforms-conditional-field wpforms-conditional-show wpforms-field-select-style-classic\" data-field-id=\"10\" style=\"display:none;\"><label class=\"wpforms-field-label\" for=\"wpforms-846-field_10\">Par quel(s) mod\u00e8le(s) de chalet \u00eates-vous int\u00e9ress\u00e9(e) ?<\/label><select id=\"wpforms-846-field_10\" class=\"wpforms-field-large\" name=\"wpforms[fields][10][]\" multiple=\"multiple\"><option value=\"Le Panoramique\" >Le Panoramique<\/option><option value=\"Le Havre des Cimes\" >Le Havre des Cimes<\/option><option value=\"Le Nid des \u00c9toiles\" >Le Nid des \u00c9toiles<\/option><option value=\"La Cabane des Bois\" >La Cabane des Bois<\/option><option value=\"Le Chaleureux\" >Le Chaleureux<\/option><\/select><\/div><div id=\"wpforms-846-field_8-container\" class=\"wpforms-field wpforms-field-select wpforms-field-select-style-classic\" data-field-id=\"8\"><label class=\"wpforms-field-label\" for=\"wpforms-846-field_8\">Quel est votre budget ?<\/label><select id=\"wpforms-846-field_8\" class=\"wpforms-field-large\" name=\"wpforms[fields][8]\"><option value=\"Je n&#039;ai pas encore de budget\" >Je n&#039;ai pas encore de budget<\/option><option value=\"Entre 500k et 600k\" >Between 500k and 600k<\/option><option value=\"Entre 600k et 700k\" >Between 600k to 700k<\/option><option value=\"700k\u00a0et plus\" >700k and more<\/option><\/select><\/div><div id=\"wpforms-846-field_6-container\" class=\"wpforms-field wpforms-field-textarea\" data-field-id=\"6\"><label class=\"wpforms-field-label\" for=\"wpforms-846-field_6\">Questions or Comments<\/label><textarea id=\"wpforms-846-field_6\" class=\"wpforms-field-medium\" name=\"wpforms[fields][6]\" aria-errormessage=\"wpforms-846-field_6-error\" ><\/textarea><\/div><script>\n\t\t\t\t( function() {\n\t\t\t\t\tconst style = document.createElement( 'style' );\n\t\t\t\t\tstyle.appendChild( document.createTextNode( '#wpforms-846-field_4-container { position: absolute !important; overflow: hidden !important; display: inline !important; height: 1px !important; width: 1px !important; z-index: -1000 !important; padding: 0 !important; } #wpforms-846-field_4-container input { visibility: hidden; } #wpforms-conversational-form-page #wpforms-846-field_4-container label { counter-increment: none; }' ) );\n\t\t\t\t\tdocument.head.appendChild( style );\n\t\t\t\t\tdocument.currentScript?.remove();\n\t\t\t\t} )();\n\t\t\t<\/script><\/div><!-- .wpforms-field-container --><div class=\"wpforms-submit-container\" ><input type=\"hidden\" name=\"wpforms[id]\" value=\"846\"><input type=\"hidden\" name=\"page_title\" value=\"\"><input type=\"hidden\" name=\"page_url\" value=\"https:\/\/domainedescepages.com\/en\/wp-json\/wp\/v2\/pages\/84\"><input type=\"hidden\" name=\"url_referer\" value=\"\"><button type=\"submit\" name=\"wpforms[submit]\" id=\"wpforms-submit-846\" class=\"wpforms-submit\" data-alt-text=\"Envoi en cours...\" data-submit-text=\"Soumettre\" aria-live=\"assertive\" value=\"wpforms-submit\">Submit<\/button><img decoding=\"async\" src=\"https:\/\/domainedescepages.com\/wp-content\/plugins\/wpforms\/assets\/images\/submit-spin.svg\" class=\"wpforms-submit-spinner\" style=\"display: none;\" width=\"26\" height=\"26\" alt=\"Loading\"><\/div><input type=\"hidden\" name=\"trp-form-language\" value=\"en\"\/><\/form><\/div>  <!-- .wpforms-container -->\t\t\t\t<\/div>\n\t\t\t\t<\/div>\n\t\t\t\t\t<\/div>\n\t\t<\/div>\n\t\t\t\t\t<\/div>\n\t\t<\/section>\n\t\t\t\t<\/div>","protected":false},"excerpt":{"rendered":"<p>Contact Contactez-nous d\u00e8s aujourd\u2019hui pour d\u00e9buter votre voyage vers un cadre de vie d\u2019exception Contactez-nous Nous serons ravis de r\u00e9pondre \u00e0 toutes vos questions. Envoyer une demande Please enable JavaScript in your browser to complete this form.Please enable JavaScript in your browser to complete this form.Nom *Courriel *Num\u00e9ro de t\u00e9l\u00e9phoneInt\u00e9r\u00eatJe suis int\u00e9ress\u00e9(e) \u00e0 acheter uniquement [&hellip;]<\/p>","protected":false},"author":1,"featured_media":0,"parent":0,"menu_order":32,"comment_status":"closed","ping_status":"closed","template":"","meta":{"_acf_changed":false,"footnotes":""},"class_list":["post-84","page","type-page","status-publish","hentry"],"acf":[],"_links":{"self":[{"href":"https:\/\/domainedescepages.com\/en\/wp-json\/wp\/v2\/pages\/84","targetHints":{"allow":["GET"]}}],"collection":[{"href":"https:\/\/domainedescepages.com\/en\/wp-json\/wp\/v2\/pages"}],"about":[{"href":"https:\/\/domainedescepages.com\/en\/wp-json\/wp\/v2\/types\/page"}],"author":[{"embeddable":true,"href":"https:\/\/domainedescepages.com\/en\/wp-json\/wp\/v2\/users\/1"}],"replies":[{"embeddable":true,"href":"https:\/\/domainedescepages.com\/en\/wp-json\/wp\/v2\/comments?post=84"}],"version-history":[{"count":38,"href":"https:\/\/domainedescepages.com\/en\/wp-json\/wp\/v2\/pages\/84\/revisions"}],"predecessor-version":[{"id":2276,"href":"https:\/\/domainedescepages.com\/en\/wp-json\/wp\/v2\/pages\/84\/revisions\/2276"}],"wp:attachment":[{"href":"https:\/\/domainedescepages.com\/en\/wp-json\/wp\/v2\/media?parent=84"}],"curies":[{"name":"wp","href":"https:\/\/api.w.org\/{rel}","templated":true}]}}