{"id":419,"date":"2024-12-30T17:58:54","date_gmt":"2024-12-30T17:58:54","guid":{"rendered":"https:\/\/domainedescepages.com\/?page_id=419"},"modified":"2025-03-15T21:07:22","modified_gmt":"2025-03-16T01:07:22","slug":"partenaires","status":"publish","type":"page","link":"https:\/\/domainedescepages.com\/en\/partenaires\/","title":{"rendered":"Partners"},"content":{"rendered":"<div data-elementor-type=\"wp-page\" data-elementor-id=\"419\" class=\"elementor elementor-419\" data-elementor-post-type=\"page\">\n\t\t\t\t\t\t<section class=\"elementor-section elementor-top-section elementor-element elementor-element-67143cf elementor-section-stretched animated-slow elementor-section-full_width elementor-section-content-middle pbmit-col-stretched-none pbmit-bg-color-over-image elementor-section-height-default elementor-section-height-default elementor-invisible\" data-id=\"67143cf\" data-element_type=\"section\" data-e-type=\"section\" data-settings=\"{&quot;stretch_section&quot;:&quot;section-stretched&quot;,&quot;animation&quot;:&quot;fadeIn&quot;}\">\n\t\t\t\t\t\t<div class=\"elementor-container elementor-column-gap-no\">\n\t\t\t\t\t<div class=\"elementor-column elementor-col-100 elementor-top-column elementor-element elementor-element-d9ac880 pbmit-bg-color-yes pbmit-elementor-bg-color-globalcolor pbmit-text-color-white pbmit-bg-image-over-color\" data-id=\"d9ac880\" data-element_type=\"column\" data-e-type=\"column\" data-settings=\"{&quot;background_background&quot;:&quot;classic&quot;}\">\n\t\t\t<div class=\"elementor-widget-wrap elementor-element-populated\">\n\t\t\t\t\t<div class=\"elementor-background-overlay\"><\/div>\n\t\t\t\t\t\t<section class=\"elementor-section elementor-inner-section elementor-element elementor-element-715b3f1 elementor-section-content-middle pbmit-col-stretched-none pbmit-bg-color-over-image elementor-section-boxed elementor-section-height-default elementor-section-height-default\" data-id=\"715b3f1\" data-element_type=\"section\" data-e-type=\"section\">\n\t\t\t\t\t\t<div class=\"elementor-container elementor-column-gap-no\">\n\t\t\t\t\t<div class=\"elementor-column elementor-col-66 elementor-inner-column elementor-element elementor-element-9e2e479 pbmit-bg-color-over-image\" data-id=\"9e2e479\" data-element_type=\"column\" data-e-type=\"column\">\n\t\t\t<div class=\"elementor-widget-wrap elementor-element-populated\">\n\t\t\t\t\t\t<div class=\"elementor-element elementor-element-a041d89 elementor-widget elementor-widget-pbmit_heading\" data-id=\"a041d89\" data-element_type=\"widget\" data-e-type=\"widget\" data-widget_type=\"pbmit_heading.default\">\n\t\t\t\t<div class=\"elementor-widget-container\">\n\t\t\t\t\t <div class=\"pbmit-heading-subheading pbmit-reverse-heading-yes animation-style4\"><h4 class=\"pbmit-element-subtitle\"><span>\r\n\t\t\t\t<\/span>\r\n\t\t\t\t\r\n\t\t\t\t\tPartners\r\n\t\t\t\t\r\n\t\t\t\t<\/h4>\r\n\t\t\t<h2 class=\"pbmit-element-title\">\r\n\t\t\t\t\r\n\t\t\t\t\tConstruire des espaces d\u2019exception ensemble, avec confiance et expertise.\r\n\t\t\t\t\r\n\t\t\t\t<\/h2>\r\n\t\t\t<\/div>\t\t\t\t<\/div>\n\t\t\t\t<\/div>\n\t\t\t\t\t<\/div>\n\t\t<\/div>\n\t\t\t\t<div class=\"elementor-column elementor-col-33 elementor-inner-column elementor-element elementor-element-15aa6e5 pbmit-bg-color-over-image\" data-id=\"15aa6e5\" data-element_type=\"column\" data-e-type=\"column\">\n\t\t\t<div class=\"elementor-widget-wrap\">\n\t\t\t\t\t\t\t<\/div>\n\t\t<\/div>\n\t\t\t\t\t<\/div>\n\t\t<\/section>\n\t\t\t\t\t<\/div>\n\t\t<\/div>\n\t\t\t\t\t<\/div>\n\t\t<\/section>\n\t\t\t\t<div class=\"elementor-section elementor-top-section elementor-element elementor-element-2fea9e22 elementor-section-stretched pbmit-bg-color-yes pbmit-elementor-bg-color-light elementor-section-full_width pbmit-col-stretched-none pbmit-bg-color-over-image elementor-section-height-default elementor-section-height-default\" data-id=\"2fea9e22\" data-element_type=\"section\" data-e-type=\"section\" data-settings=\"{&quot;stretch_section&quot;:&quot;section-stretched&quot;,&quot;background_background&quot;:&quot;classic&quot;}\">\n\t\t\t\t\t\t\t<div class=\"elementor-background-overlay\"><\/div>\n\t\t\t\t\t\t\t<div class=\"elementor-container elementor-column-gap-no\">\n\t\t\t\t\t<div class=\"elementor-column elementor-col-100 elementor-top-column elementor-element elementor-element-3e162433 pbmit-bg-color-over-image\" data-id=\"3e162433\" data-element_type=\"column\" data-e-type=\"column\" data-settings=\"{&quot;background_background&quot;:&quot;classic&quot;}\">\n\t\t\t<div class=\"elementor-widget-wrap\">\n\t\t\t\t\t\t\t<\/div>\n\t\t<\/div>\n\t\t\t\t\t<\/div>\n\t\t<\/div>\n\t\t\t\t<section class=\"elementor-section elementor-top-section elementor-element elementor-element-ee1554f pbmit-col-stretched-none pbmit-bg-color-over-image elementor-section-boxed elementor-section-height-default elementor-section-height-default\" data-id=\"ee1554f\" data-element_type=\"section\" data-e-type=\"section\">\n\t\t\t\t\t\t<div class=\"elementor-container elementor-column-gap-default\">\n\t\t\t\t\t<div class=\"elementor-column elementor-col-50 elementor-top-column elementor-element elementor-element-eae551f pbmit-bg-color-over-image\" data-id=\"eae551f\" data-element_type=\"column\" data-e-type=\"column\">\n\t\t\t<div class=\"elementor-widget-wrap elementor-element-populated\">\n\t\t\t\t\t\t<div class=\"elementor-element elementor-element-875f6c9 pbmit-animation-none elementor-widget elementor-widget-image\" data-id=\"875f6c9\" data-element_type=\"widget\" data-e-type=\"widget\" data-widget_type=\"image.default\">\n\t\t\t\t<div class=\"elementor-widget-container\">\n\t\t\t\t\t\t\t\t\t\t\t\t\t\t\t\t<a href=\"http:\/\/www.immolean.ca\">\n\t\t\t\t\t\t\t<img fetchpriority=\"high\" decoding=\"async\" width=\"847\" height=\"314\" src=\"https:\/\/domainedescepages.com\/wp-content\/uploads\/2025\/01\/1211-1024x380.png\" class=\"attachment-large size-large wp-image-839\" alt=\"\" srcset=\"https:\/\/domainedescepages.com\/wp-content\/uploads\/2025\/01\/1211-1024x380.png 1024w, https:\/\/domainedescepages.com\/wp-content\/uploads\/2025\/01\/1211-300x111.png 300w, https:\/\/domainedescepages.com\/wp-content\/uploads\/2025\/01\/1211-768x285.png 768w, https:\/\/domainedescepages.com\/wp-content\/uploads\/2025\/01\/1211-1536x571.png 1536w, https:\/\/domainedescepages.com\/wp-content\/uploads\/2025\/01\/1211-2048x761.png 2048w, https:\/\/domainedescepages.com\/wp-content\/uploads\/2025\/01\/1211-600x223.png 600w\" sizes=\"(max-width: 847px) 100vw, 847px\" \/>\t\t\t\t\t\t\t\t<\/a>\n\t\t\t\t\t\t\t\t\t\t\t\t\t\t\t<\/div>\n\t\t\t\t<\/div>\n\t\t\t\t\t<\/div>\n\t\t<\/div>\n\t\t\t\t<div class=\"elementor-column elementor-col-50 elementor-top-column elementor-element elementor-element-911578b pbmit-bg-color-over-image\" data-id=\"911578b\" data-element_type=\"column\" data-e-type=\"column\">\n\t\t\t<div class=\"elementor-widget-wrap elementor-element-populated\">\n\t\t\t\t\t\t<div class=\"elementor-element elementor-element-573e87b pbmit-animation-none elementor-widget elementor-widget-image\" data-id=\"573e87b\" data-element_type=\"widget\" data-e-type=\"widget\" data-widget_type=\"image.default\">\n\t\t\t\t<div class=\"elementor-widget-container\">\n\t\t\t\t\t\t\t\t\t\t\t\t\t\t\t\t<a href=\"https:\/\/www.groupematvi.com\/\">\n\t\t\t\t\t\t\t<img decoding=\"async\" width=\"847\" height=\"314\" src=\"https:\/\/domainedescepages.com\/wp-content\/uploads\/2025\/01\/1212-1-1024x380.png\" class=\"attachment-large size-large wp-image-842\" alt=\"\" srcset=\"https:\/\/domainedescepages.com\/wp-content\/uploads\/2025\/01\/1212-1-1024x380.png 1024w, https:\/\/domainedescepages.com\/wp-content\/uploads\/2025\/01\/1212-1-300x111.png 300w, https:\/\/domainedescepages.com\/wp-content\/uploads\/2025\/01\/1212-1-768x285.png 768w, https:\/\/domainedescepages.com\/wp-content\/uploads\/2025\/01\/1212-1-1536x571.png 1536w, https:\/\/domainedescepages.com\/wp-content\/uploads\/2025\/01\/1212-1-2048x761.png 2048w, https:\/\/domainedescepages.com\/wp-content\/uploads\/2025\/01\/1212-1-600x223.png 600w\" sizes=\"(max-width: 847px) 100vw, 847px\" \/>\t\t\t\t\t\t\t\t<\/a>\n\t\t\t\t\t\t\t\t\t\t\t\t\t\t\t<\/div>\n\t\t\t\t<\/div>\n\t\t\t\t\t<\/div>\n\t\t<\/div>\n\t\t\t\t\t<\/div>\n\t\t<\/section>\n\t\t\t\t<section class=\"elementor-section elementor-top-section elementor-element elementor-element-8c69cea pbmit-col-stretched-none pbmit-bg-color-over-image elementor-section-boxed elementor-section-height-default elementor-section-height-default\" data-id=\"8c69cea\" data-element_type=\"section\" data-e-type=\"section\">\n\t\t\t\t\t\t<div class=\"elementor-container elementor-column-gap-default\">\n\t\t\t\t\t<div class=\"elementor-column elementor-col-33 elementor-top-column elementor-element elementor-element-529da3a pbmit-bg-color-over-image\" data-id=\"529da3a\" data-element_type=\"column\" data-e-type=\"column\">\n\t\t\t<div class=\"elementor-widget-wrap\">\n\t\t\t\t\t\t\t<\/div>\n\t\t<\/div>\n\t\t\t\t<div class=\"elementor-column elementor-col-33 elementor-top-column elementor-element elementor-element-f105545 pbmit-bg-color-over-image\" data-id=\"f105545\" data-element_type=\"column\" data-e-type=\"column\" data-settings=\"{&quot;background_background&quot;:&quot;classic&quot;}\">\n\t\t\t<div class=\"elementor-widget-wrap elementor-element-populated\">\n\t\t\t\t\t\t<div class=\"elementor-element elementor-element-583baff elementor-widget elementor-widget-text-editor\" data-id=\"583baff\" data-element_type=\"widget\" data-e-type=\"widget\" data-widget_type=\"text-editor.default\">\n\t\t\t\t<div class=\"elementor-widget-container\">\n\t\t\t\t\t\t\t\t\t<h2>Contact Now<\/h2>\t\t\t\t\t\t\t\t<\/div>\n\t\t\t\t<\/div>\n\t\t\t\t<div class=\"elementor-element elementor-element-1c454d6 elementor-widget elementor-widget-wpforms\" data-id=\"1c454d6\" data-element_type=\"widget\" data-e-type=\"widget\" data-widget_type=\"wpforms.default\">\n\t\t\t\t<div class=\"elementor-widget-container\">\n\t\t\t\t\t<style id=\"wpforms-css-vars-elementor-widget-1c454d6\">\n\t\t\t\t.elementor-widget-wpforms.elementor-element-1c454d6 {\n\t\t\t\t--wpforms-field-border-color: #0201015E;\n--wpforms-field-border-color-spare: #0201015E;\n--wpforms-button-background-color: #30251B;\n--wpforms-field-border-radius: 24px;\n\n\t\t\t}\n\t\t\t<\/style><div class=\"wpforms-container wpforms-container-full wpforms-render-modern\" id=\"wpforms-1452\"><form id=\"wpforms-form-1452\" class=\"wpforms-validate wpforms-form wpforms-ajax-form\" data-formid=\"1452\" method=\"post\" enctype=\"multipart\/form-data\" action=\"\/en\/wp-json\/wp\/v2\/pages\/419\" data-token=\"a9f587ebcd6c750d2c567d702b565732\" data-token-time=\"1777725392\" data-trp-original-action=\"\/en\/wp-json\/wp\/v2\/pages\/419\"><noscript class=\"wpforms-error-noscript\">Please enable JavaScript in your browser to complete this form.<\/noscript><div id=\"wpforms-error-noscript\" style=\"display: none;\">Please enable JavaScript in your browser to complete this form.<\/div><div class=\"wpforms-field-container\"><div id=\"wpforms-1452-field_1-container\" class=\"wpforms-field wpforms-field-name\" data-field-id=\"1\"><label class=\"wpforms-field-label\" for=\"wpforms-1452-field_1\">Name <span class=\"wpforms-required-label\" aria-hidden=\"true\">*<\/span><\/label><input type=\"text\" id=\"wpforms-1452-field_1\" class=\"wpforms-field-large wpforms-field-required\" name=\"wpforms[fields][1]\" aria-errormessage=\"wpforms-1452-field_1-error\" required><\/div><div id=\"wpforms-1452-field_2-container\" class=\"wpforms-field wpforms-field-email\" data-field-id=\"2\"><label class=\"wpforms-field-label\" for=\"wpforms-1452-field_2\">E-mail <span class=\"wpforms-required-label\" aria-hidden=\"true\">*<\/span><\/label><input type=\"email\" id=\"wpforms-1452-field_2\" class=\"wpforms-field-large wpforms-field-required\" name=\"wpforms[fields][2]\" spellcheck=\"false\" aria-errormessage=\"wpforms-1452-field_2-error\" required><\/div><div id=\"wpforms-1452-field_3-container\" class=\"wpforms-field wpforms-field-text\" data-field-id=\"3\"><label class=\"wpforms-field-label\" for=\"wpforms-1452-field_3\">Phone Number <span class=\"wpforms-required-label\" aria-hidden=\"true\">*<\/span><\/label><input type=\"text\" id=\"wpforms-1452-field_3\" class=\"wpforms-field-large wpforms-field-required\" name=\"wpforms[fields][3]\" aria-errormessage=\"wpforms-1452-field_3-error\" required><\/div><div id=\"wpforms-1452-field_9-container\" class=\"wpforms-field wpforms-field-radio\" data-field-id=\"9\"><fieldset><legend class=\"wpforms-field-label\">Availability <span class=\"wpforms-required-label\" aria-hidden=\"true\">*<\/span><\/legend><ul id=\"wpforms-1452-field_9\" class=\"wpforms-field-required\"><li class=\"choice-1 depth-1\"><input type=\"radio\" id=\"wpforms-1452-field_9_1\" name=\"wpforms[fields][9]\" value=\"La semaine, de jour\" aria-errormessage=\"wpforms-1452-field_9_1-error\" required><label class=\"wpforms-field-label-inline\" for=\"wpforms-1452-field_9_1\">The week, the day<\/label><\/li><li class=\"choice-2 depth-1\"><input type=\"radio\" id=\"wpforms-1452-field_9_2\" name=\"wpforms[fields][9]\" value=\"La semaine, de soir\" aria-errormessage=\"wpforms-1452-field_9_2-error\" required><label class=\"wpforms-field-label-inline\" for=\"wpforms-1452-field_9_2\">Week, evening<\/label><\/li><li class=\"choice-3 depth-1\"><input type=\"radio\" id=\"wpforms-1452-field_9_3\" name=\"wpforms[fields][9]\" value=\"La fin de semaine\" aria-errormessage=\"wpforms-1452-field_9_3-error\" required><label class=\"wpforms-field-label-inline\" for=\"wpforms-1452-field_9_3\">The weekend<\/label><\/li><\/ul><\/fieldset><\/div>\t\t<div id=\"wpforms-1452-field_4-container\"\n\t\t\tclass=\"wpforms-field wpforms-field-text\"\n\t\t\tdata-field-type=\"text\"\n\t\t\tdata-field-id=\"4\"\n\t\t\t>\n\t\t\t<label class=\"wpforms-field-label\" for=\"wpforms-1452-field_4\" >avez-vous Nom Message<\/label>\n\t\t\t<input type=\"text\" id=\"wpforms-1452-field_4\" class=\"wpforms-field-medium\" name=\"wpforms[fields][4]\" >\n\t\t<\/div>\n\t\t<div id=\"wpforms-1452-field_11-container\" class=\"wpforms-field wpforms-field-select wpforms-field-select-style-classic\" data-field-id=\"11\"><label class=\"wpforms-field-label\" for=\"wpforms-1452-field_11\">Where did you hear about us? <span class=\"wpforms-required-label\" aria-hidden=\"true\">*<\/span><\/label><select id=\"wpforms-1452-field_11\" class=\"wpforms-field-large wpforms-field-required\" name=\"wpforms[fields][11]\" required=\"required\"><option value=\"Google\" >Google<\/option><option value=\"Facebook\" >Facebook<\/option><option value=\"Instagram\" >Instagram<\/option><option value=\"LinkedIn\" >LinkedIn<\/option><option value=\"R\u00e9f\u00e9rence\" >Reference<\/option><option value=\"Autre\" >Other<\/option><\/select><\/div><div id=\"wpforms-1452-field_6-container\" class=\"wpforms-field wpforms-field-textarea\" data-field-id=\"6\"><label class=\"wpforms-field-label\" for=\"wpforms-1452-field_6\">Message<\/label><textarea id=\"wpforms-1452-field_6\" class=\"wpforms-field-medium\" name=\"wpforms[fields][6]\" aria-errormessage=\"wpforms-1452-field_6-error\" ><\/textarea><\/div><script>\n\t\t\t\t( function() {\n\t\t\t\t\tconst style = document.createElement( 'style' );\n\t\t\t\t\tstyle.appendChild( document.createTextNode( '#wpforms-1452-field_4-container { position: absolute !important; overflow: hidden !important; display: inline !important; height: 1px !important; width: 1px !important; z-index: -1000 !important; padding: 0 !important; } #wpforms-1452-field_4-container input { visibility: hidden; } #wpforms-conversational-form-page #wpforms-1452-field_4-container label { counter-increment: none; }' ) );\n\t\t\t\t\tdocument.head.appendChild( style );\n\t\t\t\t\tdocument.currentScript?.remove();\n\t\t\t\t} )();\n\t\t\t<\/script><\/div><!-- .wpforms-field-container --><div class=\"wpforms-submit-container\" ><input type=\"hidden\" name=\"wpforms[id]\" value=\"1452\"><input type=\"hidden\" name=\"page_title\" value=\"\"><input type=\"hidden\" name=\"page_url\" value=\"https:\/\/domainedescepages.com\/en\/wp-json\/wp\/v2\/pages\/419\"><input type=\"hidden\" name=\"url_referer\" value=\"\"><button type=\"submit\" name=\"wpforms[submit]\" id=\"wpforms-submit-1452\" class=\"wpforms-submit\" data-alt-text=\"Envoi en cours...\" data-submit-text=\"Soumettre\" aria-live=\"assertive\" value=\"wpforms-submit\">Submit<\/button><img decoding=\"async\" src=\"https:\/\/domainedescepages.com\/wp-content\/plugins\/wpforms\/assets\/images\/submit-spin.svg\" class=\"wpforms-submit-spinner\" style=\"display: none;\" width=\"26\" height=\"26\" alt=\"Loading\"><\/div><input type=\"hidden\" name=\"trp-form-language\" value=\"en\"\/><\/form><\/div>  <!-- .wpforms-container -->\t\t\t\t<\/div>\n\t\t\t\t<\/div>\n\t\t\t\t\t<\/div>\n\t\t<\/div>\n\t\t\t\t<div class=\"elementor-column elementor-col-33 elementor-top-column elementor-element elementor-element-a3186bc pbmit-bg-color-over-image\" data-id=\"a3186bc\" data-element_type=\"column\" data-e-type=\"column\">\n\t\t\t<div class=\"elementor-widget-wrap\">\n\t\t\t\t\t\t\t<\/div>\n\t\t<\/div>\n\t\t\t\t\t<\/div>\n\t\t<\/section>\n\t\t\t\t<\/div>","protected":false},"excerpt":{"rendered":"<p>Partenaires Construire des espaces d\u2019exception ensemble, avec confiance et expertise. Contactez-nous Please enable JavaScript in your browser to complete this form.Please enable JavaScript in your browser to complete this form.Nom *Courriel *Num\u00e9ro de t\u00e9l\u00e9phone * Disponibilit\u00e9s * La semaine, de jour La semaine, de soir La fin de semaine Message Soumettre<\/p>","protected":false},"author":1,"featured_media":0,"parent":0,"menu_order":0,"comment_status":"closed","ping_status":"closed","template":"","meta":{"_acf_changed":false,"footnotes":""},"class_list":["post-419","page","type-page","status-publish","hentry"],"acf":[],"_links":{"self":[{"href":"https:\/\/domainedescepages.com\/en\/wp-json\/wp\/v2\/pages\/419","targetHints":{"allow":["GET"]}}],"collection":[{"href":"https:\/\/domainedescepages.com\/en\/wp-json\/wp\/v2\/pages"}],"about":[{"href":"https:\/\/domainedescepages.com\/en\/wp-json\/wp\/v2\/types\/page"}],"author":[{"embeddable":true,"href":"https:\/\/domainedescepages.com\/en\/wp-json\/wp\/v2\/users\/1"}],"replies":[{"embeddable":true,"href":"https:\/\/domainedescepages.com\/en\/wp-json\/wp\/v2\/comments?post=419"}],"version-history":[{"count":71,"href":"https:\/\/domainedescepages.com\/en\/wp-json\/wp\/v2\/pages\/419\/revisions"}],"predecessor-version":[{"id":2295,"href":"https:\/\/domainedescepages.com\/en\/wp-json\/wp\/v2\/pages\/419\/revisions\/2295"}],"wp:attachment":[{"href":"https:\/\/domainedescepages.com\/en\/wp-json\/wp\/v2\/media?parent=419"}],"curies":[{"name":"wp","href":"https:\/\/api.w.org\/{rel}","templated":true}]}}