{"id":415,"date":"2024-12-30T17:54:51","date_gmt":"2024-12-30T17:54:51","guid":{"rendered":"https:\/\/domainedescepages.com\/?page_id=415"},"modified":"2025-03-15T03:35:04","modified_gmt":"2025-03-15T07:35:04","slug":"terrains","status":"publish","type":"page","link":"https:\/\/domainedescepages.com\/en\/terrains\/","title":{"rendered":"Lands"},"content":{"rendered":"<div data-elementor-type=\"wp-page\" data-elementor-id=\"415\" class=\"elementor elementor-415\" data-elementor-post-type=\"page\">\n\t\t\t\t\t\t<section class=\"elementor-section elementor-top-section elementor-element elementor-element-6e07ffb elementor-section-stretched animated-slow elementor-section-full_width elementor-section-content-middle pbmit-col-stretched-none pbmit-bg-color-over-image elementor-section-height-default elementor-section-height-default elementor-invisible\" data-id=\"6e07ffb\" data-element_type=\"section\" data-e-type=\"section\" data-settings=\"{&quot;stretch_section&quot;:&quot;section-stretched&quot;,&quot;animation&quot;:&quot;fadeIn&quot;}\">\n\t\t\t\t\t\t<div class=\"elementor-container elementor-column-gap-no\">\n\t\t\t\t\t<div class=\"elementor-column elementor-col-100 elementor-top-column elementor-element elementor-element-9b03862 pbmit-bg-color-yes pbmit-elementor-bg-color-globalcolor pbmit-text-color-white pbmit-bg-image-over-color\" data-id=\"9b03862\" data-element_type=\"column\" data-e-type=\"column\" data-settings=\"{&quot;background_background&quot;:&quot;classic&quot;}\">\n\t\t\t<div class=\"elementor-widget-wrap elementor-element-populated\">\n\t\t\t\t\t<div class=\"elementor-background-overlay\"><\/div>\n\t\t\t\t\t\t<section class=\"elementor-section elementor-inner-section elementor-element elementor-element-f6b1690 elementor-section-content-middle pbmit-col-stretched-none pbmit-bg-color-over-image elementor-section-boxed elementor-section-height-default elementor-section-height-default\" data-id=\"f6b1690\" data-element_type=\"section\" data-e-type=\"section\">\n\t\t\t\t\t\t<div class=\"elementor-container elementor-column-gap-no\">\n\t\t\t\t\t<div class=\"elementor-column elementor-col-66 elementor-inner-column elementor-element elementor-element-92d69b1 pbmit-bg-color-over-image\" data-id=\"92d69b1\" data-element_type=\"column\" data-e-type=\"column\">\n\t\t\t<div class=\"elementor-widget-wrap elementor-element-populated\">\n\t\t\t\t\t\t<div class=\"elementor-element elementor-element-bb3db9b elementor-widget elementor-widget-pbmit_heading\" data-id=\"bb3db9b\" data-element_type=\"widget\" data-e-type=\"widget\" data-widget_type=\"pbmit_heading.default\">\n\t\t\t\t<div class=\"elementor-widget-container\">\n\t\t\t\t\t <div class=\"pbmit-heading-subheading pbmit-reverse-heading-yes animation-style4\"><h4 class=\"pbmit-element-subtitle\"><span>\r\n\t\t\t\t<\/span>\r\n\t\t\t\t\r\n\t\t\t\t\tLa carte des terrains\r\n\t\t\t\t\r\n\t\t\t\t<\/h4>\r\n\t\t\t<h2 class=\"pbmit-element-title\">\r\n\t\t\t\t\r\n\t\t\t\t\tBuild the chalet of your dreams, surrounded by enchanting landscapes and endless possibilities.\r\n\t\t\t\t\r\n\t\t\t\t<\/h2>\r\n\t\t\t<\/div>\t\t\t\t<\/div>\n\t\t\t\t<\/div>\n\t\t\t\t\t<\/div>\n\t\t<\/div>\n\t\t\t\t<div class=\"elementor-column elementor-col-33 elementor-inner-column elementor-element elementor-element-5207e8f pbmit-bg-color-over-image\" data-id=\"5207e8f\" data-element_type=\"column\" data-e-type=\"column\">\n\t\t\t<div class=\"elementor-widget-wrap\">\n\t\t\t\t\t\t\t<\/div>\n\t\t<\/div>\n\t\t\t\t\t<\/div>\n\t\t<\/section>\n\t\t\t\t\t<\/div>\n\t\t<\/div>\n\t\t\t\t\t<\/div>\n\t\t<\/section>\n\t\t\t\t<section class=\"elementor-section elementor-top-section elementor-element elementor-element-db53955 elementor-section-stretched pbmit-bg-img-hide pbmit-col-stretched-none pbmit-bg-color-over-image elementor-section-boxed elementor-section-height-default elementor-section-height-default\" data-id=\"db53955\" data-element_type=\"section\" data-e-type=\"section\" data-settings=\"{&quot;stretch_section&quot;:&quot;section-stretched&quot;}\">\n\t\t\t\t\t\t<div class=\"elementor-container elementor-column-gap-no\">\n\t\t\t\t\t<div class=\"elementor-column elementor-col-100 elementor-top-column elementor-element elementor-element-6f78797 pbmit-bg-color-over-image\" data-id=\"6f78797\" data-element_type=\"column\" data-e-type=\"column\">\n\t\t\t<div class=\"elementor-widget-wrap elementor-element-populated\">\n\t\t\t\t\t\t<div class=\"elementor-element elementor-element-de445cf elementor-widget elementor-widget-pbmit_heading\" data-id=\"de445cf\" data-element_type=\"widget\" data-e-type=\"widget\" data-widget_type=\"pbmit_heading.default\">\n\t\t\t\t<div class=\"elementor-widget-container\">\n\t\t\t\t\t <div class=\"pbmit-heading-subheading pbmit-reverse-heading-yes animation-style2\"><h4 class=\"pbmit-element-subtitle\"><span>\r\n\t\t\t\t<\/span>\r\n\t\t\t\t\r\n\t\t\t\t\tMap of available land\r\n\t\t\t\t\r\n\t\t\t\t<\/h4>\r\n\t\t\t<h2 class=\"pbmit-element-title\">\r\n\t\t\t\t\r\n\t\t\t\t\tChoose your land\r\n\t\t\t\t\r\n\t\t\t\t<\/h2>\r\n\t\t\t<\/div>\t\t\t\t<\/div>\n\t\t\t\t<\/div>\n\t\t\t\t<div class=\"elementor-element elementor-element-e58919c elementor-position-inline-start elementor-view-default elementor-mobile-position-block-start elementor-widget elementor-widget-icon-box\" data-id=\"e58919c\" data-element_type=\"widget\" data-e-type=\"widget\" data-widget_type=\"icon-box.default\">\n\t\t\t\t<div class=\"elementor-widget-container\">\n\t\t\t\t\t\t\t<div class=\"elementor-icon-box-wrapper\">\n\n\t\t\t\t\t\t<div class=\"elementor-icon-box-icon\">\n\t\t\t\t<a href=\"https:\/\/immoleaninc.sharepoint.com\/:b:\/s\/Temporaire\/ETpuLK9FFxVLkbhX5XY6iAUBsFUC38bLBp1dleHC83BL4g?e=X6hMTr\" target=\"_blank\" class=\"elementor-icon elementor-animation-grow\" tabindex=\"-1\">\n\t\t\t\t<svg aria-hidden=\"true\" class=\"e-font-icon-svg e-far-folder-open\" viewbox=\"0 0 576 512\" xmlns=\"http:\/\/www.w3.org\/2000\/svg\"><path d=\"M527.9 224H480v-48c0-26.5-21.5-48-48-48H272l-64-64H48C21.5 64 0 85.5 0 112v288c0 26.5 21.5 48 48 48h400c16.5 0 31.9-8.5 40.7-22.6l79.9-128c20-31.9-3-73.4-40.7-73.4zM48 118c0-3.3 2.7-6 6-6h134.1l64 64H426c3.3 0 6 2.7 6 6v42H152c-16.8 0-32.4 8.8-41.1 23.2L48 351.4zm400 282H72l77.2-128H528z\"><\/path><\/svg>\t\t\t\t<\/a>\n\t\t\t<\/div>\n\t\t\t\n\t\t\t\t\t\t<div class=\"elementor-icon-box-content\">\n\n\t\t\t\t\n\t\t\t\t\t\t\t\t\t<p class=\"elementor-icon-box-description\">\n\t\t\t\t\t\tSee the subdivision plan\t\t\t\t\t<\/p>\n\t\t\t\t\n\t\t\t<\/div>\n\t\t\t\n\t\t<\/div>\n\t\t\t\t\t\t<\/div>\n\t\t\t\t<\/div>\n\t\t\t\t<div class=\"elementor-element elementor-element-f2c0688 pbmit-animation-none elementor-widget elementor-widget-image\" data-id=\"f2c0688\" data-element_type=\"widget\" data-e-type=\"widget\" data-widget_type=\"image.default\">\n\t\t\t\t<div class=\"elementor-widget-container\">\n\t\t\t\t\t\t\t\t\t\t\t\t\t\t\t<img fetchpriority=\"high\" decoding=\"async\" width=\"1280\" height=\"1168\" src=\"https:\/\/domainedescepages.com\/wp-content\/uploads\/2025\/03\/Plan-maping.jpg\" class=\"attachment-full size-full wp-image-2172\" alt=\"\" srcset=\"https:\/\/domainedescepages.com\/wp-content\/uploads\/2025\/03\/Plan-maping.jpg 1280w, https:\/\/domainedescepages.com\/wp-content\/uploads\/2025\/03\/Plan-maping-300x274.jpg 300w, https:\/\/domainedescepages.com\/wp-content\/uploads\/2025\/03\/Plan-maping-1024x934.jpg 1024w, https:\/\/domainedescepages.com\/wp-content\/uploads\/2025\/03\/Plan-maping-768x701.jpg 768w, https:\/\/domainedescepages.com\/wp-content\/uploads\/2025\/03\/Plan-maping-13x12.jpg 13w, https:\/\/domainedescepages.com\/wp-content\/uploads\/2025\/03\/Plan-maping-600x548.jpg 600w\" sizes=\"(max-width: 1280px) 100vw, 1280px\" \/>\t\t\t\t\t\t\t\t\t\t\t\t\t\t\t<\/div>\n\t\t\t\t<\/div>\n\t\t\t\t<div class=\"elementor-element elementor-element-370310b elementor-widget elementor-widget-text-editor\" data-id=\"370310b\" data-element_type=\"widget\" data-e-type=\"widget\" data-widget_type=\"text-editor.default\">\n\t\t\t\t<div class=\"elementor-widget-container\">\n\t\t\t\t\t\t\t\t\t<h6>Land #<\/h6><ul><li>93 521.70 $ (price subject to change)<\/li><li>61 128.64 pi2 \/ 5 681 m2<\/li><\/ul><h6>Land #4<\/h6><ul><li>89 785.11 $ (price subject to change)<\/li><li>54 889.99 pi2 \/ 5 101 m2<\/li><\/ul><h6>Land #8\u00a0<\/h6><ul><li>91 779.89 $ (price subject to change)<\/li><li>59 158.48 pi2 \/ 5 498 m2<\/li><\/ul><h6>Land #9\u00a0<\/h6><ul><li>89 359.79 $ (price subject to change)<\/li><li>56 683.68 pi2 \/ 5 268 m2<\/li><\/ul><h6>Land #12\u00a0<\/h6><ul><li>91 967.81 $ (price subject to change)<\/li><li>63 817.56 pi2 \/ 5 931 m2<\/li><\/ul><h6>Land #16<\/h6><ul><li>89 477.35 $ (price subject to change)<\/li><li>58 781 pi2 &#8211; 5 460 m2<\/li><\/ul><h6>Land #18\u00a0<\/h6><ul><li>99 746.90 $ (price subject to change)<\/li><li>77 289.08 pi2 \/ 7 183 m2<\/li><\/ul><h6>Land #20\u00a0<\/h6><ul><li>115 793.11 $ (price subject to change)<\/li><li>84 530.56 pi2 &#8211; 7 856 m2<\/li><\/ul><h6>Land #23<\/h6><ul><li>97 415.25 $ (price subject to change)<\/li><li>74 728.20 pi2 &#8211; 6 945 m2<\/li><\/ul><h6>Terrain #28<\/h6><ul><li>85 464.61 $ (price subject to change)<\/li><li>46 494 pi2 &#8211; 4 319 m2<\/li><\/ul><h6>Terrain #30\u00a0<\/h6><ul><li>117 207.48 $ (price subject to change)<\/li><li>96 388.08 pi2 \/ 8 958 m2<\/li><\/ul><h6>Land #31<\/h6><ul><li>121 353.17 $ (price subject to change)<\/li><li>104 164.04 pi2 &#8211; 9 679 m2<\/li><\/ul><h6>Land #32<\/h6><ul><li>138 885.69 $ (price subject to change)<\/li><li>133 563.88 pi2 \/ 12 413 m2<\/li><\/ul><h6>Land #38<\/h6><ul><li>81 931.19 $ (price subject to change)<\/li><li>56 477.09 pi2 &#8211; 5 249 m2<\/li><\/ul>\t\t\t\t\t\t\t\t<\/div>\n\t\t\t\t<\/div>\n\t\t\t\t\t<\/div>\n\t\t<\/div>\n\t\t\t\t\t<\/div>\n\t\t<\/section>\n\t\t\t\t<section class=\"elementor-section elementor-top-section elementor-element elementor-element-4c22b03 pbmit-col-stretched-none pbmit-bg-color-over-image elementor-section-boxed elementor-section-height-default elementor-section-height-default\" data-id=\"4c22b03\" data-element_type=\"section\" data-e-type=\"section\">\n\t\t\t\t\t\t<div class=\"elementor-container elementor-column-gap-default\">\n\t\t\t\t\t<div class=\"elementor-column elementor-col-33 elementor-top-column elementor-element elementor-element-1c7528f pbmit-bg-color-over-image\" data-id=\"1c7528f\" data-element_type=\"column\" data-e-type=\"column\">\n\t\t\t<div class=\"elementor-widget-wrap\">\n\t\t\t\t\t\t\t<\/div>\n\t\t<\/div>\n\t\t\t\t<div class=\"elementor-column elementor-col-33 elementor-top-column elementor-element elementor-element-7b21e05 pbmit-bg-color-over-image\" data-id=\"7b21e05\" data-element_type=\"column\" data-e-type=\"column\" data-settings=\"{&quot;background_background&quot;:&quot;classic&quot;}\">\n\t\t\t<div class=\"elementor-widget-wrap elementor-element-populated\">\n\t\t\t\t\t\t<div class=\"elementor-element elementor-element-050a5ac elementor-widget elementor-widget-text-editor\" data-id=\"050a5ac\" data-element_type=\"widget\" data-e-type=\"widget\" data-widget_type=\"text-editor.default\">\n\t\t\t\t<div class=\"elementor-widget-container\">\n\t\t\t\t\t\t\t\t\t<h2>Contact Now<\/h2>\t\t\t\t\t\t\t\t<\/div>\n\t\t\t\t<\/div>\n\t\t\t\t<div class=\"elementor-element elementor-element-79ff5e0 elementor-widget elementor-widget-wpforms\" data-id=\"79ff5e0\" data-element_type=\"widget\" data-e-type=\"widget\" data-widget_type=\"wpforms.default\">\n\t\t\t\t<div class=\"elementor-widget-container\">\n\t\t\t\t\t<style id=\"wpforms-css-vars-elementor-widget-79ff5e0\">\n\t\t\t\t.elementor-widget-wpforms.elementor-element-79ff5e0 {\n\t\t\t\t--wpforms-field-border-color: #0201015E;\n--wpforms-field-border-color-spare: #0201015E;\n--wpforms-button-background-color: #30251B;\n--wpforms-field-border-radius: 24px;\n\n\t\t\t}\n\t\t\t<\/style><div class=\"wpforms-container wpforms-container-full wpforms-render-modern\" id=\"wpforms-1452\"><form id=\"wpforms-form-1452\" class=\"wpforms-validate wpforms-form wpforms-ajax-form\" data-formid=\"1452\" method=\"post\" enctype=\"multipart\/form-data\" action=\"\/en\/wp-json\/wp\/v2\/pages\/415\" data-token=\"a9f587ebcd6c750d2c567d702b565732\" data-token-time=\"1777725367\" data-trp-original-action=\"\/en\/wp-json\/wp\/v2\/pages\/415\"><noscript class=\"wpforms-error-noscript\">Please enable JavaScript in your browser to complete this form.<\/noscript><div id=\"wpforms-error-noscript\" style=\"display: none;\">Please enable JavaScript in your browser to complete this form.<\/div><div class=\"wpforms-field-container\"><div id=\"wpforms-1452-field_1-container\" class=\"wpforms-field wpforms-field-name\" data-field-id=\"1\"><label class=\"wpforms-field-label\" for=\"wpforms-1452-field_1\">Name <span class=\"wpforms-required-label\" aria-hidden=\"true\">*<\/span><\/label><input type=\"text\" id=\"wpforms-1452-field_1\" class=\"wpforms-field-large wpforms-field-required\" name=\"wpforms[fields][1]\" aria-errormessage=\"wpforms-1452-field_1-error\" required><\/div><div id=\"wpforms-1452-field_2-container\" class=\"wpforms-field wpforms-field-email\" data-field-id=\"2\"><label class=\"wpforms-field-label\" for=\"wpforms-1452-field_2\">E-mail <span class=\"wpforms-required-label\" aria-hidden=\"true\">*<\/span><\/label><input type=\"email\" id=\"wpforms-1452-field_2\" class=\"wpforms-field-large wpforms-field-required\" name=\"wpforms[fields][2]\" spellcheck=\"false\" aria-errormessage=\"wpforms-1452-field_2-error\" required><\/div><div id=\"wpforms-1452-field_3-container\" class=\"wpforms-field wpforms-field-text\" data-field-id=\"3\"><label class=\"wpforms-field-label\" for=\"wpforms-1452-field_3\">Phone Number <span class=\"wpforms-required-label\" aria-hidden=\"true\">*<\/span><\/label><input type=\"text\" id=\"wpforms-1452-field_3\" class=\"wpforms-field-large wpforms-field-required\" name=\"wpforms[fields][3]\" aria-errormessage=\"wpforms-1452-field_3-error\" required><\/div><div id=\"wpforms-1452-field_9-container\" class=\"wpforms-field wpforms-field-radio\" data-field-id=\"9\"><fieldset><legend class=\"wpforms-field-label\">Availability <span class=\"wpforms-required-label\" aria-hidden=\"true\">*<\/span><\/legend><ul id=\"wpforms-1452-field_9\" class=\"wpforms-field-required\"><li class=\"choice-1 depth-1\"><input type=\"radio\" id=\"wpforms-1452-field_9_1\" name=\"wpforms[fields][9]\" value=\"La semaine, de jour\" aria-errormessage=\"wpforms-1452-field_9_1-error\" required><label class=\"wpforms-field-label-inline\" for=\"wpforms-1452-field_9_1\">The week, the day<\/label><\/li><li class=\"choice-2 depth-1\"><input type=\"radio\" id=\"wpforms-1452-field_9_2\" name=\"wpforms[fields][9]\" value=\"La semaine, de soir\" aria-errormessage=\"wpforms-1452-field_9_2-error\" required><label class=\"wpforms-field-label-inline\" for=\"wpforms-1452-field_9_2\">Week, evening<\/label><\/li><li class=\"choice-3 depth-1\"><input type=\"radio\" id=\"wpforms-1452-field_9_3\" name=\"wpforms[fields][9]\" value=\"La fin de semaine\" aria-errormessage=\"wpforms-1452-field_9_3-error\" required><label class=\"wpforms-field-label-inline\" for=\"wpforms-1452-field_9_3\">The weekend<\/label><\/li><\/ul><\/fieldset><\/div><div id=\"wpforms-1452-field_11-container\" class=\"wpforms-field wpforms-field-select wpforms-field-select-style-classic\" data-field-id=\"11\"><label class=\"wpforms-field-label\" for=\"wpforms-1452-field_11\">Where did you hear about us? <span class=\"wpforms-required-label\" aria-hidden=\"true\">*<\/span><\/label><select id=\"wpforms-1452-field_11\" class=\"wpforms-field-large wpforms-field-required\" name=\"wpforms[fields][11]\" required=\"required\"><option value=\"Google\" >Google<\/option><option value=\"Facebook\" >Facebook<\/option><option value=\"Instagram\" >Instagram<\/option><option value=\"LinkedIn\" >LinkedIn<\/option><option value=\"R\u00e9f\u00e9rence\" >Reference<\/option><option value=\"Autre\" >Other<\/option><\/select><\/div>\t\t<div id=\"wpforms-1452-field_4-container\"\n\t\t\tclass=\"wpforms-field wpforms-field-text\"\n\t\t\tdata-field-type=\"text\"\n\t\t\tdata-field-id=\"4\"\n\t\t\t>\n\t\t\t<label class=\"wpforms-field-label\" for=\"wpforms-1452-field_4\" >? avez-vous t\u00e9l\u00e9phone<\/label>\n\t\t\t<input type=\"text\" id=\"wpforms-1452-field_4\" class=\"wpforms-field-medium\" name=\"wpforms[fields][4]\" >\n\t\t<\/div>\n\t\t<div id=\"wpforms-1452-field_6-container\" class=\"wpforms-field wpforms-field-textarea\" data-field-id=\"6\"><label class=\"wpforms-field-label\" for=\"wpforms-1452-field_6\">Message<\/label><textarea id=\"wpforms-1452-field_6\" class=\"wpforms-field-medium\" name=\"wpforms[fields][6]\" aria-errormessage=\"wpforms-1452-field_6-error\" ><\/textarea><\/div><script>\n\t\t\t\t( function() {\n\t\t\t\t\tconst style = document.createElement( 'style' );\n\t\t\t\t\tstyle.appendChild( document.createTextNode( '#wpforms-1452-field_4-container { position: absolute !important; overflow: hidden !important; display: inline !important; height: 1px !important; width: 1px !important; z-index: -1000 !important; padding: 0 !important; } #wpforms-1452-field_4-container input { visibility: hidden; } #wpforms-conversational-form-page #wpforms-1452-field_4-container label { counter-increment: none; }' ) );\n\t\t\t\t\tdocument.head.appendChild( style );\n\t\t\t\t\tdocument.currentScript?.remove();\n\t\t\t\t} )();\n\t\t\t<\/script><\/div><!-- .wpforms-field-container --><div class=\"wpforms-submit-container\" ><input type=\"hidden\" name=\"wpforms[id]\" value=\"1452\"><input type=\"hidden\" name=\"page_title\" value=\"\"><input type=\"hidden\" name=\"page_url\" value=\"https:\/\/domainedescepages.com\/en\/wp-json\/wp\/v2\/pages\/415\"><input type=\"hidden\" name=\"url_referer\" value=\"\"><button type=\"submit\" name=\"wpforms[submit]\" id=\"wpforms-submit-1452\" class=\"wpforms-submit\" data-alt-text=\"Envoi en cours...\" data-submit-text=\"Soumettre\" aria-live=\"assertive\" value=\"wpforms-submit\">Submit<\/button><img decoding=\"async\" src=\"https:\/\/domainedescepages.com\/wp-content\/plugins\/wpforms\/assets\/images\/submit-spin.svg\" class=\"wpforms-submit-spinner\" style=\"display: none;\" width=\"26\" height=\"26\" alt=\"Loading\"><\/div><input type=\"hidden\" name=\"trp-form-language\" value=\"en\"\/><\/form><\/div>  <!-- .wpforms-container -->\t\t\t\t<\/div>\n\t\t\t\t<\/div>\n\t\t\t\t\t<\/div>\n\t\t<\/div>\n\t\t\t\t<div class=\"elementor-column elementor-col-33 elementor-top-column elementor-element elementor-element-1b9e80c pbmit-bg-color-over-image\" data-id=\"1b9e80c\" data-element_type=\"column\" data-e-type=\"column\">\n\t\t\t<div class=\"elementor-widget-wrap\">\n\t\t\t\t\t\t\t<\/div>\n\t\t<\/div>\n\t\t\t\t\t<\/div>\n\t\t<\/section>\n\t\t\t\t<\/div>","protected":false},"excerpt":{"rendered":"<p>La carte des terrains Construisez le chalet de vos r\u00eaves, entour\u00e9 de paysages enchanteurs et de possibilit\u00e9s infinies. Carte des terrains disponibles Choisissez votre terrain Voir le plan de lotissement Terrain #2 93 521.70 $ (prix sujet \u00e0 changement) 61 128.64 pi2 \/ 5 681 m2 Terrain #4 89 785.11 $ (prix sujet \u00e0 changement) [&hellip;]<\/p>","protected":false},"author":1,"featured_media":0,"parent":0,"menu_order":0,"comment_status":"closed","ping_status":"closed","template":"","meta":{"_acf_changed":false,"footnotes":""},"class_list":["post-415","page","type-page","status-publish","hentry"],"acf":[],"_links":{"self":[{"href":"https:\/\/domainedescepages.com\/en\/wp-json\/wp\/v2\/pages\/415","targetHints":{"allow":["GET"]}}],"collection":[{"href":"https:\/\/domainedescepages.com\/en\/wp-json\/wp\/v2\/pages"}],"about":[{"href":"https:\/\/domainedescepages.com\/en\/wp-json\/wp\/v2\/types\/page"}],"author":[{"embeddable":true,"href":"https:\/\/domainedescepages.com\/en\/wp-json\/wp\/v2\/users\/1"}],"replies":[{"embeddable":true,"href":"https:\/\/domainedescepages.com\/en\/wp-json\/wp\/v2\/comments?post=415"}],"version-history":[{"count":68,"href":"https:\/\/domainedescepages.com\/en\/wp-json\/wp\/v2\/pages\/415\/revisions"}],"predecessor-version":[{"id":2269,"href":"https:\/\/domainedescepages.com\/en\/wp-json\/wp\/v2\/pages\/415\/revisions\/2269"}],"wp:attachment":[{"href":"https:\/\/domainedescepages.com\/en\/wp-json\/wp\/v2\/media?parent=415"}],"curies":[{"name":"wp","href":"https:\/\/api.w.org\/{rel}","templated":true}]}}