{"id":2372,"date":"2025-03-19T23:31:06","date_gmt":"2025-03-20T03:31:06","guid":{"rendered":"https:\/\/domainedescepages.com\/?page_id=2372"},"modified":"2025-03-20T03:55:20","modified_gmt":"2025-03-20T07:55:20","slug":"politique-de-vie-privee","status":"publish","type":"page","link":"https:\/\/domainedescepages.com\/en\/politique-de-vie-privee\/","title":{"rendered":"Privacy Policy"},"content":{"rendered":"<div data-elementor-type=\"wp-page\" data-elementor-id=\"2372\" class=\"elementor elementor-2372\" data-elementor-post-type=\"page\">\n\t\t\t\t\t\t<section class=\"elementor-section elementor-top-section elementor-element elementor-element-b96218a pbmit-col-stretched-none pbmit-bg-color-over-image elementor-section-boxed elementor-section-height-default elementor-section-height-default\" data-id=\"b96218a\" data-element_type=\"section\" data-e-type=\"section\">\n\t\t\t\t\t\t<div class=\"elementor-container elementor-column-gap-default\">\n\t\t\t\t\t<div class=\"elementor-column elementor-col-100 elementor-top-column elementor-element elementor-element-0781aae pbmit-bg-color-over-image\" data-id=\"0781aae\" data-element_type=\"column\" data-e-type=\"column\">\n\t\t\t<div class=\"elementor-widget-wrap elementor-element-populated\">\n\t\t\t\t\t\t<div class=\"elementor-element elementor-element-f7039a9 elementor-widget elementor-widget-text-editor\" data-id=\"f7039a9\" data-element_type=\"widget\" data-e-type=\"widget\" data-widget_type=\"text-editor.default\">\n\t\t\t\t<div class=\"elementor-widget-container\">\n\t\t\t\t\t\t\t\t\t<p><\/p>\n<h2 class=\"wp-block-heading\">Introduction<\/h2>\n<p><\/p>\n<p class=\"translation-block\">Welcome to the website of the <b>Domaine des Grapes, powered by Immolean Inc. and Matvi Group<\/b>. We place great importance on the protection of your personal data and we are committed to respecting your privacy. This privacy policy explains how we collect, use and protect your information when you visit our site.<\/p>\n<p><\/p>\n<h2 class=\"wp-block-heading\">Collection of information<\/h2>\n<p><\/p>\n<p>When you browse our site, we may collect certain information about you, including:<\/p>\n<ul>\n<li class=\"translation-block\"><b>Personal information<\/b>: Name, first name, email address and phone number (when you fill in a contact form)<\/li>\n<li class=\"translation-block\"><b>Navigation data<\/b>: IP address, device type, browser used, pages visited and time spent on the site.<\/li>\n<li class=\"translation-block\"><b>Cookies and similar technologies<\/b>: We use cookies to improve your experience and personalize our advertising content.<\/li>\n<\/ul>\n<p><\/p>\n<h2 class=\"wp-block-heading\">Use of collected data<\/h2>\n<p><\/p>\n<p class=\"p1\">We use your data to:<\/p>\n<ul>\n<li class=\"p2 translation-block\"><b>Improve your user experience<\/b><span class=\"s1\"> on our site. <\/span><\/li>\n<li class=\"p3 translation-block\"><span class=\"s2\"><b>Customize ads<\/b><\/span> via Google Ads and Facebook Ads based on your browsing.<\/li>\n<li class=\"p3 translation-block\"><span class=\"s2\"><b>Analyze the performance<\/b><\/span> of our website and optimize our content.<\/li>\n<li class=\"p3 translation-block\"><span class=\"s2\"><b>Respond to your requests<\/b><\/span> when you contact us via a form.<\/li>\n<\/ul>\n<p><\/p>\n<h2 class=\"wp-block-heading\">Advertising and retargeting<\/h2>\n<p><\/p>\n<ul>\n<li class=\"p1 translation-block\">We use advertising tools such as <span class=\"s1\"><b>Google Ads and Facebook Ads<\/b><\/span> to serve targeted advertising based on your browsing on our site.<\/li>\n<li class=\"p2 translation-block\">These platforms use <span class=\"s1\"><b>cookies and tracking technologies<\/b><\/span> to display personalized ads on other sites you visit.<\/li>\n<li class=\"p2 translation-block\">You can <span class=\"s1\"><b>disable ad tracking<\/b><\/span> via your Google or Facebook account settings, or by using your browser's privacy settings.<\/li>\n<\/ul>\n<p><\/p>\n<h2 class=\"wp-block-heading\">Sharing and data protection<\/h2>\n<p><\/p>\n<p class=\"p1\">We do not sell or share your personal information with third parties except in the following cases:<\/p>\n<ul>\n<li class=\"p2 translation-block\"><span class=\"s1\"><b>If required by law<\/b><\/span> or under a legal obligation.<\/li>\n<li class=\"p2 translation-block\"><span class=\"s1\"><b>If required by law<\/b><\/span> or under a legal obligation.<\/li>\n<\/ul>\n<p class=\"translation-block\">We implement <span class=\"s1\"><b>security measures<\/b><\/span> to protect your information from unauthorized access.<\/p>\n<p><\/p>\n<h2>Gestion des cookies et options de d\u00e9sactivation<\/h2>\n<p><\/p>\n<p class=\"p1 translation-block\">You can <span class=\"s1\"><b>change your browser settings<\/b><\/span> to refuse certain cookies.<\/p>\n<ul>\n<li class=\"p2\">Vous pouvez <span class=\"s1\"><b>modifier les param\u00e8tres de votre navigateur<\/b><\/span> pour refuser certains cookies.<\/li>\n<li class=\"translation-block\">You can <strong>change the settings of cookies<\/strong> directly on our website.<\/li>\n<li class=\"p2 translation-block\">You can <span class=\"s1\"><b>disable custom ads<\/b><\/span> via <a href=\"https:\/\/adssettings.google.com\" target=\"_self\">Google Ads Settings<\/a> and <a href=\"https:\/\/www.facebook.com\/settings?tab=ads\" target=\"_self\">Facebook Ad Preferences<\/a>.<\/li>\n<\/ul>\n<h2>Droits des utilisateurs<\/h2>\n<p><\/p>\n<p class=\"p1 translation-block\">In accordance with data protection laws (<span class=\"s1\"><b>Law 25 in Quebec)<\/b><\/span>, you have the following rights:<\/p>\n<ul>\n<li class=\"p2 translation-block\"><b>Access your personal data<\/b><span class=\"s2\"> and request a copy. <\/span><\/li>\n<li class=\"p2 translation-block\"><b>Correct inaccurate information<\/b><span class=\"s2\"> about you. <\/span><\/li>\n<li class=\"p2 translation-block\"><span class=\"s1\"><b>Request deletion of your data<\/b><\/span>, subject to our legal obligations.<\/li>\n<li class=\"p2 translation-block\"><b>Object to the ad processing of your data <\/b><span class=\"s2\"> to be used. <\/span><\/li>\n<\/ul>\n<p class=\"p1\">To exercise your rights, contact us at: <b>info@immolean.com<\/b><\/p>\n<h2>Changes to privacy policy<\/h2>\n<p class=\"p1\">We may update this policy at any time. Any changes will be posted on this page with an update date. We encourage you to consult this policy regularly.<\/p>\n<p class=\"p3\"><b>Last updated: 13 March 2025<\/b><\/p>\n<h2>Contact<\/h2>\n<p>For any questions regarding this policy, you can write to us at <b>info@immolean.com<\/b><\/p>\n<p><\/p>\t\t\t\t\t\t\t\t<\/div>\n\t\t\t\t<\/div>\n\t\t\t\t\t<\/div>\n\t\t<\/div>\n\t\t\t\t\t<\/div>\n\t\t<\/section>\n\t\t\t\t<\/div>","protected":false},"excerpt":{"rendered":"<p>Introduction Bienvenue sur le site web du Domaine des C\u00e9pages, propuls\u00e9 par Immolean Inc. et Groupe Matvi. Nous accordons une grande importance \u00e0 la protection de vos donn\u00e9es personnelles et nous nous engageons \u00e0 respecter votre vie priv\u00e9e. Cette politique de confidentialit\u00e9 explique comment nous collectons, utilisons et prot\u00e9geons vos informations lorsque vous visitez notre [&hellip;]<\/p>","protected":false},"author":1,"featured_media":0,"parent":0,"menu_order":0,"comment_status":"closed","ping_status":"closed","template":"","meta":{"_acf_changed":false,"footnotes":""},"class_list":["post-2372","page","type-page","status-publish","hentry"],"acf":[],"_links":{"self":[{"href":"https:\/\/domainedescepages.com\/en\/wp-json\/wp\/v2\/pages\/2372","targetHints":{"allow":["GET"]}}],"collection":[{"href":"https:\/\/domainedescepages.com\/en\/wp-json\/wp\/v2\/pages"}],"about":[{"href":"https:\/\/domainedescepages.com\/en\/wp-json\/wp\/v2\/types\/page"}],"author":[{"embeddable":true,"href":"https:\/\/domainedescepages.com\/en\/wp-json\/wp\/v2\/users\/1"}],"replies":[{"embeddable":true,"href":"https:\/\/domainedescepages.com\/en\/wp-json\/wp\/v2\/comments?post=2372"}],"version-history":[{"count":4,"href":"https:\/\/domainedescepages.com\/en\/wp-json\/wp\/v2\/pages\/2372\/revisions"}],"predecessor-version":[{"id":2378,"href":"https:\/\/domainedescepages.com\/en\/wp-json\/wp\/v2\/pages\/2372\/revisions\/2378"}],"wp:attachment":[{"href":"https:\/\/domainedescepages.com\/en\/wp-json\/wp\/v2\/media?parent=2372"}],"curies":[{"name":"wp","href":"https:\/\/api.w.org\/{rel}","templated":true}]}}